{"id":15696,"date":"2026-01-28T10:54:51","date_gmt":"2026-01-28T09:54:51","guid":{"rendered":"https:\/\/www.prolinguo.com\/?page_id=15696"},"modified":"2026-03-23T11:28:37","modified_gmt":"2026-03-23T10:28:37","slug":"avis-protection-des-donnees","status":"publish","type":"page","link":"https:\/\/www.prolinguo.com\/fr\/avis-protection-des-donnees\/","title":{"rendered":"Avis relatif \u00e0 la protection des donn\u00e9es"},"content":{"rendered":"<h1>Avis relatif \u00e0 la protection des donn\u00e9es<\/h1>\n<p>Les donn\u00e9es fournies feront l\u2019objet d\u2019un traitement afin de pouvoir donner suite \u00e0 votre demande. Ce traitement se fonde sur l\u2019article\u00a06,\u00a0paragraphe\u00a01, point\u00a0b) du RGPD aux fins d\u2019\u00e9bauche ou d\u2019ex\u00e9cution de contrat. Vos donn\u00e9es seront supprim\u00e9es d\u00e8s que nous aurons trait\u00e9 votre demande ou que la finalit\u00e9 d\u2019enregistrement sera caduque. Toute transmission est chiffr\u00e9e. En r\u00e8gle g\u00e9n\u00e9rale, nous ne transmettons vos donn\u00e9es \u00e0 aucun tiers, \u00e0 moins que la l\u00e9gislation relative \u00e0 la protection des donn\u00e9es \u00e0 caract\u00e8re personnel ne justifie un tel transfert ou nous oblige \u00e0 le faire. Vous pouvez demander \u00e0 tout moment l\u2019effacement des donn\u00e9es vous concernant, pour autant qu\u2019aucune obligation de conservation l\u00e9gale ne s\u2019y oppose. Vous pouvez exiger \u00e0 tout moment des informations sur les donn\u00e9es \u00e0 caract\u00e8re personnel sauvegard\u00e9es vous concernant. Pour en savoir plus sur la protection des donn\u00e9es vous concernant, veuillez consultez la <a href=\"https:\/\/www.prolinguo.com\/fr\/politique-de-confidentialit\u00e9\">Politique de confidentialit\u00e9<\/a> du pr\u00e9sent site Web.<\/p>\n\n\n<div class=\"kk-star-ratings kksr-auto kksr-align-center kksr-valign-bottom\"\n    data-payload='{&quot;align&quot;:&quot;center&quot;,&quot;id&quot;:&quot;15696&quot;,&quot;slug&quot;:&quot;default&quot;,&quot;valign&quot;:&quot;bottom&quot;,&quot;ignore&quot;:&quot;&quot;,&quot;reference&quot;:&quot;auto&quot;,&quot;class&quot;:&quot;&quot;,&quot;count&quot;:&quot;1&quot;,&quot;legendonly&quot;:&quot;&quot;,&quot;readonly&quot;:&quot;&quot;,&quot;score&quot;:&quot;5&quot;,&quot;starsonly&quot;:&quot;&quot;,&quot;best&quot;:&quot;5&quot;,&quot;gap&quot;:&quot;5&quot;,&quot;greet&quot;:&quot;Rate this page&quot;,&quot;legend&quot;:&quot;5\\\/5 - (1 vote)&quot;,&quot;size&quot;:&quot;19&quot;,&quot;title&quot;:&quot;Avis relatif \u00e0 la protection des donn\u00e9es&quot;,&quot;width&quot;:&quot;117.5&quot;,&quot;_legend&quot;:&quot;{score}\\\/{best} - ({count} {votes})&quot;,&quot;font_factor&quot;:&quot;1.25&quot;}'>\n            \n<div class=\"kksr-stars\">\n    \n<div class=\"kksr-stars-inactive\">\n            <div class=\"kksr-star\" data-star=\"1\" style=\"padding-right: 5px\">\n            \n\n<div class=\"kksr-icon\" style=\"width: 19px; height: 19px;\"><\/div>\n        <\/div>\n            <div class=\"kksr-star\" data-star=\"2\" style=\"padding-right: 5px\">\n            \n\n<div class=\"kksr-icon\" style=\"width: 19px; height: 19px;\"><\/div>\n        <\/div>\n            <div class=\"kksr-star\" data-star=\"3\" style=\"padding-right: 5px\">\n            \n\n<div class=\"kksr-icon\" style=\"width: 19px; height: 19px;\"><\/div>\n        <\/div>\n            <div class=\"kksr-star\" data-star=\"4\" style=\"padding-right: 5px\">\n            \n\n<div class=\"kksr-icon\" style=\"width: 19px; height: 19px;\"><\/div>\n        <\/div>\n            <div class=\"kksr-star\" data-star=\"5\" style=\"padding-right: 5px\">\n            \n\n<div class=\"kksr-icon\" style=\"width: 19px; height: 19px;\"><\/div>\n        <\/div>\n    <\/div>\n    \n<div class=\"kksr-stars-active\" style=\"width: 117.5px;\">\n            <div class=\"kksr-star\" style=\"padding-right: 5px\">\n            \n\n<div class=\"kksr-icon\" style=\"width: 19px; height: 19px;\"><\/div>\n        <\/div>\n            <div class=\"kksr-star\" style=\"padding-right: 5px\">\n            \n\n<div class=\"kksr-icon\" style=\"width: 19px; height: 19px;\"><\/div>\n        <\/div>\n            <div class=\"kksr-star\" style=\"padding-right: 5px\">\n            \n\n<div class=\"kksr-icon\" style=\"width: 19px; height: 19px;\"><\/div>\n        <\/div>\n            <div class=\"kksr-star\" style=\"padding-right: 5px\">\n            \n\n<div class=\"kksr-icon\" style=\"width: 19px; height: 19px;\"><\/div>\n        <\/div>\n            <div class=\"kksr-star\" style=\"padding-right: 5px\">\n            \n\n<div class=\"kksr-icon\" style=\"width: 19px; height: 19px;\"><\/div>\n        <\/div>\n    <\/div>\n<\/div>\n                \n\n<div class=\"kksr-legend\" style=\"font-size: 15.2px;\">\n            5\/5 - (1 vote)    <\/div>\n    <\/div>\n","protected":false},"excerpt":{"rendered":"<p>Avis relatif \u00e0 la protection des donn\u00e9es Les donn\u00e9es fournies feront l\u2019objet d\u2019un traitement afin de pouvoir donner suite \u00e0 votre demande. Ce traitement se fonde sur l\u2019article\u00a06,\u00a0paragraphe\u00a01, point\u00a0b) du RGPD aux fins d\u2019\u00e9bauche ou d\u2019ex\u00e9cution de contrat. Vos donn\u00e9es seront supprim\u00e9es d\u00e8s que nous aurons trait\u00e9 votre demande ou que la finalit\u00e9 d\u2019enregistrement sera [&hellip;]<\/p>\n","protected":false},"author":7,"featured_media":0,"parent":0,"menu_order":0,"comment_status":"closed","ping_status":"closed","template":"","meta":{"footnotes":""},"class_list":["post-15696","page","type-page","status-publish","hentry"],"yoast_head":"<!-- This site is optimized with the Yoast SEO plugin v26.8 - https:\/\/yoast.com\/product\/yoast-seo-wordpress\/ -->\n<title>Avis relatif \u00e0 la protection des donn\u00e9es | ProLinguo<\/title>\n<meta name=\"robots\" content=\"index, follow, max-snippet:-1, max-image-preview:large, max-video-preview:-1\" \/>\n<link rel=\"canonical\" href=\"https:\/\/www.prolinguo.com\/fr\/avis-protection-des-donnees\/\" \/>\n<meta property=\"og:locale\" content=\"fr_FR\" \/>\n<meta property=\"og:type\" content=\"article\" \/>\n<meta property=\"og:title\" content=\"Avis relatif \u00e0 la protection des donn\u00e9es | ProLinguo\" \/>\n<meta property=\"og:description\" content=\"Avis relatif \u00e0 la protection des donn\u00e9es Les donn\u00e9es fournies feront l\u2019objet d\u2019un traitement afin de pouvoir donner suite \u00e0 votre demande. Ce traitement se fonde sur l\u2019article\u00a06,\u00a0paragraphe\u00a01, point\u00a0b) du RGPD aux fins d\u2019\u00e9bauche ou d\u2019ex\u00e9cution de contrat. Vos donn\u00e9es seront supprim\u00e9es d\u00e8s que nous aurons trait\u00e9 votre demande ou que la finalit\u00e9 d\u2019enregistrement sera [&hellip;]\" \/>\n<meta property=\"og:url\" content=\"https:\/\/www.prolinguo.com\/fr\/avis-protection-des-donnees\/\" \/>\n<meta property=\"og:site_name\" content=\"ProLinguo\" \/>\n<meta property=\"article:modified_time\" content=\"2026-03-23T10:28:37+00:00\" \/>\n<meta name=\"twitter:card\" content=\"summary_large_image\" \/>\n<meta name=\"twitter:label1\" content=\"Dur\u00e9e de lecture estim\u00e9e\" \/>\n\t<meta name=\"twitter:data1\" content=\"1 minute\" \/>\n<script type=\"application\/ld+json\" class=\"yoast-schema-graph\">{\"@context\":\"https:\/\/schema.org\",\"@graph\":[{\"@type\":\"WebPage\",\"@id\":\"https:\/\/www.prolinguo.com\/fr\/avis-protection-des-donnees\/\",\"url\":\"https:\/\/www.prolinguo.com\/fr\/avis-protection-des-donnees\/\",\"name\":\"Avis relatif \u00e0 la protection des donn\u00e9es | ProLinguo\",\"isPartOf\":{\"@id\":\"https:\/\/www.prolinguo.com\/#website\"},\"datePublished\":\"2026-01-28T09:54:51+00:00\",\"dateModified\":\"2026-03-23T10:28:37+00:00\",\"breadcrumb\":{\"@id\":\"https:\/\/www.prolinguo.com\/fr\/avis-protection-des-donnees\/#breadcrumb\"},\"inLanguage\":\"fr-FR\",\"potentialAction\":[{\"@type\":\"ReadAction\",\"target\":[\"https:\/\/www.prolinguo.com\/fr\/avis-protection-des-donnees\/\"]}]},{\"@type\":\"BreadcrumbList\",\"@id\":\"https:\/\/www.prolinguo.com\/fr\/avis-protection-des-donnees\/#breadcrumb\",\"itemListElement\":[{\"@type\":\"ListItem\",\"position\":1,\"name\":\"Startseite\",\"item\":\"https:\/\/www.prolinguo.com\/professionelle-uebersetzungen\/\"},{\"@type\":\"ListItem\",\"position\":2,\"name\":\"Avis relatif \u00e0 la protection des donn\u00e9es\"}]},{\"@type\":\"WebSite\",\"@id\":\"https:\/\/www.prolinguo.com\/#website\",\"url\":\"https:\/\/www.prolinguo.com\/\",\"name\":\"ProLinguo\",\"description\":\"We speak your language\",\"publisher\":{\"@id\":\"https:\/\/www.prolinguo.com\/#organization\"},\"potentialAction\":[{\"@type\":\"SearchAction\",\"target\":{\"@type\":\"EntryPoint\",\"urlTemplate\":\"https:\/\/www.prolinguo.com\/?s={search_term_string}\"},\"query-input\":{\"@type\":\"PropertyValueSpecification\",\"valueRequired\":true,\"valueName\":\"search_term_string\"}}],\"inLanguage\":\"fr-FR\"},{\"@type\":\"Organization\",\"@id\":\"https:\/\/www.prolinguo.com\/#organization\",\"name\":\"ProLinguo GmbH\",\"url\":\"https:\/\/www.prolinguo.com\/\",\"logo\":{\"@type\":\"ImageObject\",\"inLanguage\":\"fr-FR\",\"@id\":\"https:\/\/www.prolinguo.com\/#\/schema\/logo\/image\/\",\"url\":\"https:\/\/www.prolinguo.com\/wp-content\/uploads\/2015\/12\/logo-prolinguo.png\",\"contentUrl\":\"https:\/\/www.prolinguo.com\/wp-content\/uploads\/2015\/12\/logo-prolinguo.png\",\"width\":210,\"height\":72,\"caption\":\"ProLinguo GmbH\"},\"image\":{\"@id\":\"https:\/\/www.prolinguo.com\/#\/schema\/logo\/image\/\"}}]}<\/script>\n<!-- \/ Yoast SEO plugin. -->","yoast_head_json":{"title":"Avis relatif \u00e0 la protection des donn\u00e9es | ProLinguo","robots":{"index":"index","follow":"follow","max-snippet":"max-snippet:-1","max-image-preview":"max-image-preview:large","max-video-preview":"max-video-preview:-1"},"canonical":"https:\/\/www.prolinguo.com\/fr\/avis-protection-des-donnees\/","og_locale":"fr_FR","og_type":"article","og_title":"Avis relatif \u00e0 la protection des donn\u00e9es | ProLinguo","og_description":"Avis relatif \u00e0 la protection des donn\u00e9es Les donn\u00e9es fournies feront l\u2019objet d\u2019un traitement afin de pouvoir donner suite \u00e0 votre demande. Ce traitement se fonde sur l\u2019article\u00a06,\u00a0paragraphe\u00a01, point\u00a0b) du RGPD aux fins d\u2019\u00e9bauche ou d\u2019ex\u00e9cution de contrat. Vos donn\u00e9es seront supprim\u00e9es d\u00e8s que nous aurons trait\u00e9 votre demande ou que la finalit\u00e9 d\u2019enregistrement sera [&hellip;]","og_url":"https:\/\/www.prolinguo.com\/fr\/avis-protection-des-donnees\/","og_site_name":"ProLinguo","article_modified_time":"2026-03-23T10:28:37+00:00","twitter_card":"summary_large_image","twitter_misc":{"Dur\u00e9e de lecture estim\u00e9e":"1 minute"},"schema":{"@context":"https:\/\/schema.org","@graph":[{"@type":"WebPage","@id":"https:\/\/www.prolinguo.com\/fr\/avis-protection-des-donnees\/","url":"https:\/\/www.prolinguo.com\/fr\/avis-protection-des-donnees\/","name":"Avis relatif \u00e0 la protection des donn\u00e9es | ProLinguo","isPartOf":{"@id":"https:\/\/www.prolinguo.com\/#website"},"datePublished":"2026-01-28T09:54:51+00:00","dateModified":"2026-03-23T10:28:37+00:00","breadcrumb":{"@id":"https:\/\/www.prolinguo.com\/fr\/avis-protection-des-donnees\/#breadcrumb"},"inLanguage":"fr-FR","potentialAction":[{"@type":"ReadAction","target":["https:\/\/www.prolinguo.com\/fr\/avis-protection-des-donnees\/"]}]},{"@type":"BreadcrumbList","@id":"https:\/\/www.prolinguo.com\/fr\/avis-protection-des-donnees\/#breadcrumb","itemListElement":[{"@type":"ListItem","position":1,"name":"Startseite","item":"https:\/\/www.prolinguo.com\/professionelle-uebersetzungen\/"},{"@type":"ListItem","position":2,"name":"Avis relatif \u00e0 la protection des donn\u00e9es"}]},{"@type":"WebSite","@id":"https:\/\/www.prolinguo.com\/#website","url":"https:\/\/www.prolinguo.com\/","name":"ProLinguo","description":"We speak your language","publisher":{"@id":"https:\/\/www.prolinguo.com\/#organization"},"potentialAction":[{"@type":"SearchAction","target":{"@type":"EntryPoint","urlTemplate":"https:\/\/www.prolinguo.com\/?s={search_term_string}"},"query-input":{"@type":"PropertyValueSpecification","valueRequired":true,"valueName":"search_term_string"}}],"inLanguage":"fr-FR"},{"@type":"Organization","@id":"https:\/\/www.prolinguo.com\/#organization","name":"ProLinguo GmbH","url":"https:\/\/www.prolinguo.com\/","logo":{"@type":"ImageObject","inLanguage":"fr-FR","@id":"https:\/\/www.prolinguo.com\/#\/schema\/logo\/image\/","url":"https:\/\/www.prolinguo.com\/wp-content\/uploads\/2015\/12\/logo-prolinguo.png","contentUrl":"https:\/\/www.prolinguo.com\/wp-content\/uploads\/2015\/12\/logo-prolinguo.png","width":210,"height":72,"caption":"ProLinguo GmbH"},"image":{"@id":"https:\/\/www.prolinguo.com\/#\/schema\/logo\/image\/"}}]}},"_links":{"self":[{"href":"https:\/\/www.prolinguo.com\/fr\/wp-json\/wp\/v2\/pages\/15696","targetHints":{"allow":["GET"]}}],"collection":[{"href":"https:\/\/www.prolinguo.com\/fr\/wp-json\/wp\/v2\/pages"}],"about":[{"href":"https:\/\/www.prolinguo.com\/fr\/wp-json\/wp\/v2\/types\/page"}],"author":[{"embeddable":true,"href":"https:\/\/www.prolinguo.com\/fr\/wp-json\/wp\/v2\/users\/7"}],"replies":[{"embeddable":true,"href":"https:\/\/www.prolinguo.com\/fr\/wp-json\/wp\/v2\/comments?post=15696"}],"version-history":[{"count":4,"href":"https:\/\/www.prolinguo.com\/fr\/wp-json\/wp\/v2\/pages\/15696\/revisions"}],"predecessor-version":[{"id":15970,"href":"https:\/\/www.prolinguo.com\/fr\/wp-json\/wp\/v2\/pages\/15696\/revisions\/15970"}],"wp:attachment":[{"href":"https:\/\/www.prolinguo.com\/fr\/wp-json\/wp\/v2\/media?parent=15696"}],"curies":[{"name":"wp","href":"https:\/\/api.w.org\/{rel}","templated":true}]}}