{"id":15651,"date":"2026-03-30T13:49:39","date_gmt":"2026-03-30T11:49:39","guid":{"rendered":"https:\/\/www.prolinguo.com\/?page_id=15651"},"modified":"2026-03-30T13:55:03","modified_gmt":"2026-03-30T11:55:03","slug":"mentions-legales","status":"publish","type":"page","link":"https:\/\/www.prolinguo.com\/fr\/mentions-legales\/","title":{"rendered":"Mentions l\u00e9gales"},"content":{"rendered":"<div  style='padding-bottom:10px; ' class='av-special-heading av-special-heading-h2  blockquote modern-quote modern-centered  avia-builder-el-0  el_before_av_hr  avia-builder-el-first  '><h2 class='av-special-heading-tag '  itemprop=\"headline\"  >Mentions l\u00e9gales<\/h2><div class='special-heading-border'><div class='special-heading-inner-border' ><\/div><\/div><\/div>\n<div  style=' margin-top:10px; margin-bottom:90px;'  class='hr hr-custom hr-center hr-icon-no   avia-builder-el-1  el_after_av_heading  el_before_av_two_third '><span class='hr-inner  inner-border-av-border-fat' style=' width:50px; border-color:#103674;' ><span class='hr-inner-style'><\/span><\/span><\/div>\n<div class=\"flex_column av_two_third  flex_column_div av-zero-column-padding first  avia-builder-el-2  el_after_av_hr  el_before_av_one_third  \" style='border-radius:0px; '><section class=\"av_textblock_section \"  itemscope=\"itemscope\" itemtype=\"https:\/\/schema.org\/CreativeWork\" ><div class='avia_textblock  '   itemprop=\"text\" ><div style=\"word-wrap: break-word;\">\n\n<h2>Information pursuant to Sect. 5 German Telemedia Act (TMG)<\/h2>\n<p>ProLinguo GmbH<br \/>\nSchaufelder Stra&szlig;e 11<br \/>\n30167 Hannover<\/p>\n\n<p>Commercial Register: HRB 202730<br \/>\nRegistration court: Amtsgericht Hannover<\/p>\n\n<p><strong>Represented by:<\/strong><br \/>\nAnna Kaleta<\/p>\n\n<h2>Contact<\/h2>\n<p>Phone: +49 (0) 511 1695048<br \/>\nTelefax: +49 (0) 511 1695059<br \/>\nE-mail: info@prolinguo.com<\/p>\n\n<h2>VAT ID<\/h2>\n<p>Sales tax identification number according to Sect. 27 a of the Sales Tax Law:<br \/>\nDE258133898<\/p>\n\n<h2>Information regarding professional liability insurance<\/h2>\n<p><strong>Name and registered office of the insurer:<\/strong><br \/>\nR+V Allgemeine Versicherung AG<br \/>\r\nRaiffeisenplatz 1<br \/>\r\n65189 Wiesbaden<\/p>\n<h2>Person responsible for editorial<\/h2>\n<p>Anna Kaleta<br \/>\r\nProLinguo GmbH<br \/>\r\nIm Werkhof<br \/>\r\nSchaufelder Str. 11<br \/>\r\n30167 Hannover<\/p>\n\n<h2>EU dispute resolution<\/h2>\n<p>The European Commission provides a platform for online dispute resolution (ODR): <a href=\"https:\/\/ec.europa.eu\/consumers\/odr\/\" target=\"_blank\" rel=\"noopener noreferrer\">https:\/\/ec.europa.eu\/consumers\/odr\/<\/a>.<br \/> Our e-mail address can be found above in the site notice.<\/p>\n\n<h2>Dispute resolution proceedings in front of a consumer arbitration board<\/h2>\n<p>We are not willing or obliged to participate in dispute resolution proceedings in front of a consumer arbitration board.<\/p><\/div>\n<\/div><\/section><\/div><div class=\"flex_column av_one_third  flex_column_div av-zero-column-padding   avia-builder-el-4  el_after_av_two_third  el_before_av_hr  \" style='border-radius:0px; '><section class=\"av_textblock_section \"  itemscope=\"itemscope\" itemtype=\"https:\/\/schema.org\/CreativeWork\" ><div class='avia_textblock  '   itemprop=\"text\" ><p>Conception du site Web\u00a0: <a href=\"http:\/\/hahnsinn.de\/\" target=\"_blank\" rel=\"noopener\">hahnsinn \u2013 WordPress Websites<\/a><\/p>\n<p>Portraits\u00a0: <a href=\"https:\/\/www.hansundjung.com\/\" target=\"_blank\" rel=\"noopener\">Hans und Jung<\/a><\/p>\n<p>Veuillez tenir compte des informations concernant la protection des donn\u00e9es\u00a0:<br \/>\n<a href=\"https:\/\/www.prolinguo.com\/datenschutz\/\" target=\"_blank\" rel=\"noopener noreferrer\">voir la politique de confidentialit\u00e9<\/a><\/p>\n<\/div><\/section><\/div><\/p>\n<div  style=' margin-top:30px; margin-bottom:30px;'  class='hr hr-custom hr-center hr-icon-no   avia-builder-el-6  el_after_av_one_third  el_before_av_section  avia-builder-el-last '><span class='hr-inner  inner-border-av-border-none' style=' width:50px; border-color:#103674;' ><span class='hr-inner-style'><\/span><\/span><\/div>\n<\/div><\/div><\/div><!-- close content main div --><\/div><\/div><div id='av_section_1'  class='avia-section main_color avia-section-default avia-no-shadow  avia-bg-style-scroll  avia-builder-el-7  el_after_av_hr  avia-builder-el-last   container_wrap sidebar_right' style='background-color: #ebedf2;  '  ><div class='container' ><div class='template-page content  av-content-small alpha units'><div class='post-entry post-entry-type-page post-entry-15651'><div class='entry-content-wrapper clearfix'>\n<div class=\"flex_column av_one_full  flex_column_div av-zero-column-padding first  avia-builder-el-8  el_before_av_one_third  avia-builder-el-first  \" style='border-radius:0px; '><p><div  style='padding-bottom:10px; ' class='av-special-heading av-special-heading-h2  blockquote modern-quote modern-centered  avia-builder-el-9  el_before_av_hr  avia-builder-el-first  '><h2 class='av-special-heading-tag '  itemprop=\"headline\"  >En savoir plus \u00e0 notre sujet :<\/h2><div class='special-heading-border'><div class='special-heading-inner-border' ><\/div><\/div><\/div><br \/>\n<div  style=' margin-top:10px; margin-bottom:50px;'  class='hr hr-custom hr-center hr-icon-no   avia-builder-el-10  el_after_av_heading  avia-builder-el-last '><span class='hr-inner  inner-border-av-border-fat' style=' width:50px; border-color:#103674;' ><span class='hr-inner-style'><\/span><\/span><\/div><\/p><\/div><div class='flex_column_table av-equal-height-column-flextable -flextable' ><div class=\"flex_column av_one_third  flex_column_table_cell av-equal-height-column av-align-top first  avia-builder-el-11  el_after_av_one_full  el_before_av_one_third  column-top-margin\" style='border-width:1px; border-color:#d1d3d7; border-style:solid; padding:25px; background-color:#ffffff; border-radius:3; '><section class=\"av_textblock_section \"  itemscope=\"itemscope\" itemtype=\"https:\/\/schema.org\/CreativeWork\" ><div class='avia_textblock  '   itemprop=\"text\" ><h3><a href=\"https:\/\/www.prolinguo.com\/leistungen\/\">Prestations<\/a><\/h3>\n<p>D\u00e9couvrez ici comment profiter au maximum des opportunit\u00e9s offertes par la mondialisation gr\u00e2ce \u00e0 nos prestations de services ayant trait \u00e0 la linguistique, \u00e0 la traduction et \u00e0 la communication.<\/p>\n<p><a href=\"https:\/\/www.prolinguo.com\/leistungen\/\">En savoir plus<\/a><\/p>\n<\/div><\/section><\/div><div class='av-flex-placeholder'><\/div><div class=\"flex_column av_one_third  flex_column_table_cell av-equal-height-column av-align-top   avia-builder-el-13  el_after_av_one_third  el_before_av_one_third  column-top-margin\" style='border-width:1px; border-color:#d1d3d7; border-style:solid; padding:25px; background-color:#ffffff; border-radius:3; '><section class=\"av_textblock_section \"  itemscope=\"itemscope\" itemtype=\"https:\/\/schema.org\/CreativeWork\" ><div class='avia_textblock  '   itemprop=\"text\" ><h3><a href=\"https:\/\/www.prolinguo.com\/ueber-uns\/\">Qui sommes-nous\u00a0?<\/a><\/h3>\n<p>ProLinguo parle votre langue et apporte aux entreprises et agences de traduction des services linguistiques de qualit\u00e9. D\u00e9couvrez ici qui nous sommes et ce que nous visons\u00a0:<\/p>\n<p><a href=\"https:\/\/www.prolinguo.com\/ueber-uns\/\">En savoir plus<\/a><\/p>\n<\/div><\/section><\/div><div class='av-flex-placeholder'><\/div><div class=\"flex_column av_one_third  flex_column_table_cell av-equal-height-column av-align-top   avia-builder-el-15  el_after_av_one_third  avia-builder-el-last  column-top-margin\" style='border-width:1px; border-color:#d1d3d7; border-style:solid; padding:25px; background-color:#ffffff; border-radius:3; '><section class=\"av_textblock_section \"  itemscope=\"itemscope\" itemtype=\"https:\/\/schema.org\/CreativeWork\" ><div class='avia_textblock  '   itemprop=\"text\" ><h3><a href=\"https:\/\/www.prolinguo.com\/qualitaet-sicherheit\/\">Qualit\u00e9 et s\u00e9curit\u00e9<\/a><\/h3>\n<p>ProLinguo vous garantit deux choses essentielles\u00a0: une qualit\u00e9 irr\u00e9prochable et une tr\u00e8s grande fiabilit\u00e9. D\u00e9couvrez ici comment nous y parvenons.<\/p>\n<p><a href=\"https:\/\/www.prolinguo.com\/qualitaet-sicherheit\/\">En savoir plus<\/a><\/p>\n<\/div><\/section><\/div><\/div><!--close column table wrapper. Autoclose: 1 -->\n<\/div><\/div><\/div><!-- close content main div --><\/div><\/div><div id='after_section_1'  class='main_color av_default_container_wrap container_wrap sidebar_right' style=' '  ><div class='container' ><div class='template-page content  av-content-small alpha units'><div class='post-entry post-entry-type-page post-entry-15651'><div class='entry-content-wrapper clearfix'>\n\n\n<div class=\"kk-star-ratings kksr-auto kksr-align-center kksr-valign-bottom\"\n    data-payload='{&quot;align&quot;:&quot;center&quot;,&quot;id&quot;:&quot;15651&quot;,&quot;slug&quot;:&quot;default&quot;,&quot;valign&quot;:&quot;bottom&quot;,&quot;ignore&quot;:&quot;&quot;,&quot;reference&quot;:&quot;auto&quot;,&quot;class&quot;:&quot;&quot;,&quot;count&quot;:&quot;1&quot;,&quot;legendonly&quot;:&quot;&quot;,&quot;readonly&quot;:&quot;&quot;,&quot;score&quot;:&quot;5&quot;,&quot;starsonly&quot;:&quot;&quot;,&quot;best&quot;:&quot;5&quot;,&quot;gap&quot;:&quot;5&quot;,&quot;greet&quot;:&quot;Rate this page&quot;,&quot;legend&quot;:&quot;5\\\/5 - (1 vote)&quot;,&quot;size&quot;:&quot;19&quot;,&quot;title&quot;:&quot;Mentions l\u00e9gales&quot;,&quot;width&quot;:&quot;117.5&quot;,&quot;_legend&quot;:&quot;{score}\\\/{best} - ({count} {votes})&quot;,&quot;font_factor&quot;:&quot;1.25&quot;}'>\n            \n<div class=\"kksr-stars\">\n    \n<div class=\"kksr-stars-inactive\">\n            <div class=\"kksr-star\" data-star=\"1\" style=\"padding-right: 5px\">\n            \n\n<div class=\"kksr-icon\" style=\"width: 19px; height: 19px;\"><\/div>\n        <\/div>\n            <div class=\"kksr-star\" data-star=\"2\" style=\"padding-right: 5px\">\n            \n\n<div class=\"kksr-icon\" style=\"width: 19px; height: 19px;\"><\/div>\n        <\/div>\n            <div class=\"kksr-star\" data-star=\"3\" style=\"padding-right: 5px\">\n            \n\n<div class=\"kksr-icon\" style=\"width: 19px; height: 19px;\"><\/div>\n        <\/div>\n            <div class=\"kksr-star\" data-star=\"4\" style=\"padding-right: 5px\">\n            \n\n<div class=\"kksr-icon\" style=\"width: 19px; height: 19px;\"><\/div>\n        <\/div>\n            <div class=\"kksr-star\" data-star=\"5\" style=\"padding-right: 5px\">\n            \n\n<div class=\"kksr-icon\" style=\"width: 19px; height: 19px;\"><\/div>\n        <\/div>\n    <\/div>\n    \n<div class=\"kksr-stars-active\" style=\"width: 117.5px;\">\n            <div class=\"kksr-star\" style=\"padding-right: 5px\">\n            \n\n<div class=\"kksr-icon\" style=\"width: 19px; height: 19px;\"><\/div>\n        <\/div>\n            <div class=\"kksr-star\" style=\"padding-right: 5px\">\n            \n\n<div class=\"kksr-icon\" style=\"width: 19px; height: 19px;\"><\/div>\n        <\/div>\n            <div class=\"kksr-star\" style=\"padding-right: 5px\">\n            \n\n<div class=\"kksr-icon\" style=\"width: 19px; height: 19px;\"><\/div>\n        <\/div>\n            <div class=\"kksr-star\" style=\"padding-right: 5px\">\n            \n\n<div class=\"kksr-icon\" style=\"width: 19px; height: 19px;\"><\/div>\n        <\/div>\n            <div class=\"kksr-star\" style=\"padding-right: 5px\">\n            \n\n<div class=\"kksr-icon\" style=\"width: 19px; height: 19px;\"><\/div>\n        <\/div>\n    <\/div>\n<\/div>\n                \n\n<div class=\"kksr-legend\" style=\"font-size: 15.2px;\">\n            5\/5 - (1 vote)    <\/div>\n    <\/div>\n","protected":false},"excerpt":{"rendered":"","protected":false},"author":7,"featured_media":1972,"parent":0,"menu_order":0,"comment_status":"closed","ping_status":"closed","template":"","meta":{"footnotes":""},"class_list":["post-15651","page","type-page","status-publish","has-post-thumbnail","hentry"],"yoast_head":"<!-- This site is optimized with the Yoast SEO plugin v26.8 - https:\/\/yoast.com\/product\/yoast-seo-wordpress\/ -->\n<title>Mentions l\u00e9gales | ProLinguo Traductions<\/title>\n<meta name=\"description\" content=\"ProLinguo GmbH. Traduction \u2713 Interpr\u00e9tation \u2713 Sous-titres \u2713 Schaufelder Strasse 11, D-30167 Hanovre. \u260e +49 (0) 511 169 50 48 \u2709 info@prolinguo.com\" \/>\n<meta name=\"robots\" content=\"index, follow, max-snippet:-1, max-image-preview:large, max-video-preview:-1\" \/>\n<link rel=\"canonical\" href=\"https:\/\/www.prolinguo.com\/fr\/mentions-legales\/\" \/>\n<meta property=\"og:locale\" content=\"fr_FR\" \/>\n<meta property=\"og:type\" content=\"article\" \/>\n<meta property=\"og:title\" content=\"Mentions l\u00e9gales | ProLinguo Traductions\" \/>\n<meta property=\"og:description\" content=\"ProLinguo GmbH. Traduction \u2713 Interpr\u00e9tation \u2713 Sous-titres \u2713 Schaufelder Strasse 11, D-30167 Hanovre. \u260e +49 (0) 511 169 50 48 \u2709 info@prolinguo.com\" \/>\n<meta property=\"og:url\" content=\"https:\/\/www.prolinguo.com\/fr\/mentions-legales\/\" \/>\n<meta property=\"og:site_name\" content=\"ProLinguo\" \/>\n<meta property=\"article:modified_time\" content=\"2026-03-30T11:55:03+00:00\" \/>\n<meta property=\"og:image\" content=\"https:\/\/www.prolinguo.com\/wp-content\/uploads\/2016\/05\/prolinguo-ueber-uns.jpg\" \/>\n\t<meta property=\"og:image:width\" content=\"1250\" \/>\n\t<meta property=\"og:image:height\" content=\"498\" \/>\n\t<meta property=\"og:image:type\" content=\"image\/jpeg\" \/>\n<meta name=\"twitter:card\" content=\"summary_large_image\" \/>\n<meta name=\"twitter:label1\" content=\"Dur\u00e9e de lecture estim\u00e9e\" \/>\n\t<meta name=\"twitter:data1\" content=\"3 minutes\" \/>\n<script type=\"application\/ld+json\" class=\"yoast-schema-graph\">{\"@context\":\"https:\/\/schema.org\",\"@graph\":[{\"@type\":\"WebPage\",\"@id\":\"https:\/\/www.prolinguo.com\/fr\/mentions-legales\/\",\"url\":\"https:\/\/www.prolinguo.com\/fr\/mentions-legales\/\",\"name\":\"Mentions l\u00e9gales | ProLinguo Traductions\",\"isPartOf\":{\"@id\":\"https:\/\/www.prolinguo.com\/#website\"},\"primaryImageOfPage\":{\"@id\":\"https:\/\/www.prolinguo.com\/fr\/mentions-legales\/#primaryimage\"},\"image\":{\"@id\":\"https:\/\/www.prolinguo.com\/fr\/mentions-legales\/#primaryimage\"},\"thumbnailUrl\":\"https:\/\/www.prolinguo.com\/wp-content\/uploads\/2016\/05\/prolinguo-ueber-uns.jpg\",\"datePublished\":\"2026-03-30T11:49:39+00:00\",\"dateModified\":\"2026-03-30T11:55:03+00:00\",\"description\":\"ProLinguo GmbH. Traduction \u2713 Interpr\u00e9tation \u2713 Sous-titres \u2713 Schaufelder Strasse 11, D-30167 Hanovre. \u260e +49 (0) 511 169 50 48 \u2709 info@prolinguo.com\",\"breadcrumb\":{\"@id\":\"https:\/\/www.prolinguo.com\/fr\/mentions-legales\/#breadcrumb\"},\"inLanguage\":\"fr-FR\",\"potentialAction\":[{\"@type\":\"ReadAction\",\"target\":[\"https:\/\/www.prolinguo.com\/fr\/mentions-legales\/\"]}]},{\"@type\":\"ImageObject\",\"inLanguage\":\"fr-FR\",\"@id\":\"https:\/\/www.prolinguo.com\/fr\/mentions-legales\/#primaryimage\",\"url\":\"https:\/\/www.prolinguo.com\/wp-content\/uploads\/2016\/05\/prolinguo-ueber-uns.jpg\",\"contentUrl\":\"https:\/\/www.prolinguo.com\/wp-content\/uploads\/2016\/05\/prolinguo-ueber-uns.jpg\",\"width\":1250,\"height\":498,\"caption\":\"Mehr als ein \u00dcbersetzungsb\u00fcro: ProLinguo\"},{\"@type\":\"BreadcrumbList\",\"@id\":\"https:\/\/www.prolinguo.com\/fr\/mentions-legales\/#breadcrumb\",\"itemListElement\":[{\"@type\":\"ListItem\",\"position\":1,\"name\":\"Startseite\",\"item\":\"https:\/\/www.prolinguo.com\/professionelle-uebersetzungen\/\"},{\"@type\":\"ListItem\",\"position\":2,\"name\":\"Mentions l\u00e9gales\"}]},{\"@type\":\"WebSite\",\"@id\":\"https:\/\/www.prolinguo.com\/#website\",\"url\":\"https:\/\/www.prolinguo.com\/\",\"name\":\"ProLinguo\",\"description\":\"We speak your language\",\"publisher\":{\"@id\":\"https:\/\/www.prolinguo.com\/#organization\"},\"potentialAction\":[{\"@type\":\"SearchAction\",\"target\":{\"@type\":\"EntryPoint\",\"urlTemplate\":\"https:\/\/www.prolinguo.com\/?s={search_term_string}\"},\"query-input\":{\"@type\":\"PropertyValueSpecification\",\"valueRequired\":true,\"valueName\":\"search_term_string\"}}],\"inLanguage\":\"fr-FR\"},{\"@type\":\"Organization\",\"@id\":\"https:\/\/www.prolinguo.com\/#organization\",\"name\":\"ProLinguo GmbH\",\"url\":\"https:\/\/www.prolinguo.com\/\",\"logo\":{\"@type\":\"ImageObject\",\"inLanguage\":\"fr-FR\",\"@id\":\"https:\/\/www.prolinguo.com\/#\/schema\/logo\/image\/\",\"url\":\"https:\/\/www.prolinguo.com\/wp-content\/uploads\/2015\/12\/logo-prolinguo.png\",\"contentUrl\":\"https:\/\/www.prolinguo.com\/wp-content\/uploads\/2015\/12\/logo-prolinguo.png\",\"width\":210,\"height\":72,\"caption\":\"ProLinguo GmbH\"},\"image\":{\"@id\":\"https:\/\/www.prolinguo.com\/#\/schema\/logo\/image\/\"}}]}<\/script>\n<!-- \/ Yoast SEO plugin. -->","yoast_head_json":{"title":"Mentions l\u00e9gales | ProLinguo Traductions","description":"ProLinguo GmbH. Traduction \u2713 Interpr\u00e9tation \u2713 Sous-titres \u2713 Schaufelder Strasse 11, D-30167 Hanovre. \u260e +49 (0) 511 169 50 48 \u2709 info@prolinguo.com","robots":{"index":"index","follow":"follow","max-snippet":"max-snippet:-1","max-image-preview":"max-image-preview:large","max-video-preview":"max-video-preview:-1"},"canonical":"https:\/\/www.prolinguo.com\/fr\/mentions-legales\/","og_locale":"fr_FR","og_type":"article","og_title":"Mentions l\u00e9gales | ProLinguo Traductions","og_description":"ProLinguo GmbH. Traduction \u2713 Interpr\u00e9tation \u2713 Sous-titres \u2713 Schaufelder Strasse 11, D-30167 Hanovre. \u260e +49 (0) 511 169 50 48 \u2709 info@prolinguo.com","og_url":"https:\/\/www.prolinguo.com\/fr\/mentions-legales\/","og_site_name":"ProLinguo","article_modified_time":"2026-03-30T11:55:03+00:00","og_image":[{"width":1250,"height":498,"url":"https:\/\/www.prolinguo.com\/wp-content\/uploads\/2016\/05\/prolinguo-ueber-uns.jpg","type":"image\/jpeg"}],"twitter_card":"summary_large_image","twitter_misc":{"Dur\u00e9e de lecture estim\u00e9e":"3 minutes"},"schema":{"@context":"https:\/\/schema.org","@graph":[{"@type":"WebPage","@id":"https:\/\/www.prolinguo.com\/fr\/mentions-legales\/","url":"https:\/\/www.prolinguo.com\/fr\/mentions-legales\/","name":"Mentions l\u00e9gales | ProLinguo Traductions","isPartOf":{"@id":"https:\/\/www.prolinguo.com\/#website"},"primaryImageOfPage":{"@id":"https:\/\/www.prolinguo.com\/fr\/mentions-legales\/#primaryimage"},"image":{"@id":"https:\/\/www.prolinguo.com\/fr\/mentions-legales\/#primaryimage"},"thumbnailUrl":"https:\/\/www.prolinguo.com\/wp-content\/uploads\/2016\/05\/prolinguo-ueber-uns.jpg","datePublished":"2026-03-30T11:49:39+00:00","dateModified":"2026-03-30T11:55:03+00:00","description":"ProLinguo GmbH. Traduction \u2713 Interpr\u00e9tation \u2713 Sous-titres \u2713 Schaufelder Strasse 11, D-30167 Hanovre. \u260e +49 (0) 511 169 50 48 \u2709 info@prolinguo.com","breadcrumb":{"@id":"https:\/\/www.prolinguo.com\/fr\/mentions-legales\/#breadcrumb"},"inLanguage":"fr-FR","potentialAction":[{"@type":"ReadAction","target":["https:\/\/www.prolinguo.com\/fr\/mentions-legales\/"]}]},{"@type":"ImageObject","inLanguage":"fr-FR","@id":"https:\/\/www.prolinguo.com\/fr\/mentions-legales\/#primaryimage","url":"https:\/\/www.prolinguo.com\/wp-content\/uploads\/2016\/05\/prolinguo-ueber-uns.jpg","contentUrl":"https:\/\/www.prolinguo.com\/wp-content\/uploads\/2016\/05\/prolinguo-ueber-uns.jpg","width":1250,"height":498,"caption":"Mehr als ein \u00dcbersetzungsb\u00fcro: ProLinguo"},{"@type":"BreadcrumbList","@id":"https:\/\/www.prolinguo.com\/fr\/mentions-legales\/#breadcrumb","itemListElement":[{"@type":"ListItem","position":1,"name":"Startseite","item":"https:\/\/www.prolinguo.com\/professionelle-uebersetzungen\/"},{"@type":"ListItem","position":2,"name":"Mentions l\u00e9gales"}]},{"@type":"WebSite","@id":"https:\/\/www.prolinguo.com\/#website","url":"https:\/\/www.prolinguo.com\/","name":"ProLinguo","description":"We speak your language","publisher":{"@id":"https:\/\/www.prolinguo.com\/#organization"},"potentialAction":[{"@type":"SearchAction","target":{"@type":"EntryPoint","urlTemplate":"https:\/\/www.prolinguo.com\/?s={search_term_string}"},"query-input":{"@type":"PropertyValueSpecification","valueRequired":true,"valueName":"search_term_string"}}],"inLanguage":"fr-FR"},{"@type":"Organization","@id":"https:\/\/www.prolinguo.com\/#organization","name":"ProLinguo GmbH","url":"https:\/\/www.prolinguo.com\/","logo":{"@type":"ImageObject","inLanguage":"fr-FR","@id":"https:\/\/www.prolinguo.com\/#\/schema\/logo\/image\/","url":"https:\/\/www.prolinguo.com\/wp-content\/uploads\/2015\/12\/logo-prolinguo.png","contentUrl":"https:\/\/www.prolinguo.com\/wp-content\/uploads\/2015\/12\/logo-prolinguo.png","width":210,"height":72,"caption":"ProLinguo GmbH"},"image":{"@id":"https:\/\/www.prolinguo.com\/#\/schema\/logo\/image\/"}}]}},"_links":{"self":[{"href":"https:\/\/www.prolinguo.com\/fr\/wp-json\/wp\/v2\/pages\/15651","targetHints":{"allow":["GET"]}}],"collection":[{"href":"https:\/\/www.prolinguo.com\/fr\/wp-json\/wp\/v2\/pages"}],"about":[{"href":"https:\/\/www.prolinguo.com\/fr\/wp-json\/wp\/v2\/types\/page"}],"author":[{"embeddable":true,"href":"https:\/\/www.prolinguo.com\/fr\/wp-json\/wp\/v2\/users\/7"}],"replies":[{"embeddable":true,"href":"https:\/\/www.prolinguo.com\/fr\/wp-json\/wp\/v2\/comments?post=15651"}],"version-history":[{"count":3,"href":"https:\/\/www.prolinguo.com\/fr\/wp-json\/wp\/v2\/pages\/15651\/revisions"}],"predecessor-version":[{"id":16109,"href":"https:\/\/www.prolinguo.com\/fr\/wp-json\/wp\/v2\/pages\/15651\/revisions\/16109"}],"wp:featuredmedia":[{"embeddable":true,"href":"https:\/\/www.prolinguo.com\/fr\/wp-json\/wp\/v2\/media\/1972"}],"wp:attachment":[{"href":"https:\/\/www.prolinguo.com\/fr\/wp-json\/wp\/v2\/media?parent=15651"}],"curies":[{"name":"wp","href":"https:\/\/api.w.org\/{rel}","templated":true}]}}